{"id":75125,"date":"2020-08-20T14:18:23","date_gmt":"2020-08-20T13:18:23","guid":{"rendered":"https:\/\/www.indien-haus.de\/?post_type=product&#038;p=75125"},"modified":"2025-12-19T11:49:38","modified_gmt":"2025-12-19T10:49:38","slug":"figur-relief-goettin-durga","status":"publish","type":"product","link":"https:\/\/www.indien-haus.de\/shop\/produkt\/figur-relief-goettin-durga\/","title":{"rendered":"Figur Relief G\u00f6ttin Durga"},"content":{"rendered":"<p>Durga, (die schwer Zug\u00e4ngliche,die schwer zu Begreifende) ist die wohl popul\u00e4rste Form der G\u00f6ttin im Hinduismus, die in unterschiedlichen g\u00f6ttlichen Erscheinungsformen existiert, g\u00fctig und strafend: Durga ist eine G\u00f6ttin der Vollkommenheit, die als Saraswati, Lakshmi, Ambika und Ishvari sowie in anderen Formen erscheinen kann und unter anderem Kraft, Wissen, Handeln und Weisheit verk\u00f6rpert. Im Tantrismus ist sie Shakti, die weibliche Urkraft\/Energie des Universums. W\u00e4hrend sie etwa als Lakshmi zu Vishnu und als Saraswati zu Brahma geh\u00f6rt, ist sie in der Form der Durga keinem m\u00e4nnlichen Gott zugeordnet. Durga ist eine sehr starke G\u00f6ttin. Erscheint sie in freundlicher Gestalt, dann n\u00e4hrt sie Mensch und Tier, vor allem aber ist sie die k\u00e4mpferische Schirmherrin, die immer dann ihre vernichtende Kraft zeigt, wenn die Erde von D\u00e4monen bedroht wird. Durga hat meist acht Arme und manchmal drei Augen. Sie sitzt auf einem Lotosthron oder reitet auf einem L\u00f6wen bzw. Tiger. Ihre Attribute sind Dreizahn, Schwert, Schlange, Glocke, Trommel, Schild, Sch\u00e4delschale, Pfeil, Bogen, Rad, Wasserkrug und Muschelhorn.<\/p>\n","protected":false},"excerpt":{"rendered":"<p>Figur Relief G\u00f6ttin Durga aus Resin \/ Kunstharz aus Bali \/ Indonesien<\/p>\n<p>&nbsp;<\/p>\n","protected":false},"featured_media":104866,"comment_status":"closed","ping_status":"closed","template":"","meta":[],"product_cat":[70],"product_tag":[4802,4420,674],"yoast_head":"<!-- This site is optimized with the Yoast SEO plugin v22.0 - https:\/\/yoast.com\/wordpress\/plugins\/seo\/ -->\n<title>Figur Relief G\u00f6ttin Durga - #Indien-Haus<\/title>\n<meta name=\"description\" content=\"Figur Relief G\u00f6ttin Durga aus Resin \/ Kunstharz aus Bali \/ Indonesien\" \/>\n<meta name=\"robots\" content=\"index, follow, max-snippet:-1, max-image-preview:large, max-video-preview:-1\" \/>\n<link rel=\"canonical\" href=\"https:\/\/www.indien-haus.de\/shop\/produkt\/figur-relief-goettin-durga\/\" \/>\n<meta name=\"twitter:card\" content=\"summary_large_image\" \/>\n<meta name=\"twitter:title\" content=\"Figur Relief G\u00f6ttin Durga - #Indien-Haus\" \/>\n<meta name=\"twitter:description\" content=\"Figur Relief G\u00f6ttin Durga aus Resin \/ Kunstharz aus Bali \/ Indonesien\" \/>\n<meta name=\"twitter:image\" content=\"https:\/\/www.indien-haus.de\/wp-content\/uploads\/2022\/04\/KA07328-30pc.jpg\" \/>\n<meta name=\"twitter:site\" content=\"@Indien_Haus\" \/>\n<meta name=\"twitter:label1\" content=\"Gesch\u00e4tzte Lesezeit\" \/>\n\t<meta name=\"twitter:data1\" content=\"1\u00a0Minute\" \/>\n<script type=\"application\/ld+json\" class=\"yoast-schema-graph\">{\"@context\":\"https:\/\/schema.org\",\"@graph\":[{\"@type\":\"WebPage\",\"@id\":\"https:\/\/www.indien-haus.de\/shop\/produkt\/figur-relief-goettin-durga\/\",\"url\":\"https:\/\/www.indien-haus.de\/shop\/produkt\/figur-relief-goettin-durga\/\",\"name\":\"Figur Relief G\u00f6ttin Durga - #Indien-Haus\",\"isPartOf\":{\"@id\":\"https:\/\/www.indien-haus.de\/shop\/#website\"},\"datePublished\":\"2020-08-20T13:18:23+00:00\",\"dateModified\":\"2025-12-19T10:49:38+00:00\",\"description\":\"Figur Relief G\u00f6ttin Durga aus Resin \/ Kunstharz aus Bali \/ Indonesien\",\"breadcrumb\":{\"@id\":\"https:\/\/www.indien-haus.de\/shop\/produkt\/figur-relief-goettin-durga\/#breadcrumb\"},\"inLanguage\":\"de\",\"potentialAction\":[{\"@type\":\"ReadAction\",\"target\":[\"https:\/\/www.indien-haus.de\/shop\/produkt\/figur-relief-goettin-durga\/\"]}]},{\"@type\":\"BreadcrumbList\",\"@id\":\"https:\/\/www.indien-haus.de\/shop\/produkt\/figur-relief-goettin-durga\/#breadcrumb\",\"itemListElement\":[{\"@type\":\"ListItem\",\"position\":1,\"name\":\"Startseite\",\"item\":\"https:\/\/www.indien-haus.de\/shop\/start\/\"},{\"@type\":\"ListItem\",\"position\":2,\"name\":\"Shop\",\"item\":\"https:\/\/www.indien-haus.de\/shop\/shop\/\"},{\"@type\":\"ListItem\",\"position\":3,\"name\":\"Figur Relief G\u00f6ttin Durga\"}]},{\"@type\":\"WebSite\",\"@id\":\"https:\/\/www.indien-haus.de\/shop\/#website\",\"url\":\"https:\/\/www.indien-haus.de\/shop\/\",\"name\":\"Indien-Haus\",\"description\":\"M\u00f6bel &amp; Lampen &amp; Accessoires aus Asien in Mainz\",\"publisher\":{\"@id\":\"https:\/\/www.indien-haus.de\/shop\/#organization\"},\"potentialAction\":[{\"@type\":\"SearchAction\",\"target\":{\"@type\":\"EntryPoint\",\"urlTemplate\":\"https:\/\/www.indien-haus.de\/shop\/?s={search_term_string}\"},\"query-input\":\"required name=search_term_string\"}],\"inLanguage\":\"de\"},{\"@type\":\"Organization\",\"@id\":\"https:\/\/www.indien-haus.de\/shop\/#organization\",\"name\":\"Indien-Haus\",\"url\":\"https:\/\/www.indien-haus.de\/shop\/\",\"logo\":{\"@type\":\"ImageObject\",\"inLanguage\":\"de\",\"@id\":\"https:\/\/www.indien-haus.de\/shop\/#\/schema\/logo\/image\/\",\"url\":\"https:\/\/www.indien-haus.de\/wp-content\/uploads\/2014\/03\/indien-haus-logo3.png\",\"contentUrl\":\"https:\/\/www.indien-haus.de\/wp-content\/uploads\/2014\/03\/indien-haus-logo3.png\",\"width\":106,\"height\":116,\"caption\":\"Indien-Haus\"},\"image\":{\"@id\":\"https:\/\/www.indien-haus.de\/shop\/#\/schema\/logo\/image\/\"},\"sameAs\":[\"https:\/\/www.facebook.com\/INDIEN.HAUS.news\",\"https:\/\/twitter.com\/Indien_Haus\",\"https:\/\/www.instagram.com\/indien_haus_mainz\/\",\"https:\/\/www.pinterest.de\/indienhaus\/\",\"https:\/\/www.youtube.com\/user\/IndienHaus\"]}]}<\/script>\n<!-- \/ Yoast SEO plugin. -->","yoast_head_json":{"title":"Figur Relief G\u00f6ttin Durga - #Indien-Haus","description":"Figur Relief G\u00f6ttin Durga aus Resin \/ Kunstharz aus Bali \/ Indonesien","robots":{"index":"index","follow":"follow","max-snippet":"max-snippet:-1","max-image-preview":"max-image-preview:large","max-video-preview":"max-video-preview:-1"},"canonical":"https:\/\/www.indien-haus.de\/shop\/produkt\/figur-relief-goettin-durga\/","twitter_card":"summary_large_image","twitter_title":"Figur Relief G\u00f6ttin Durga - #Indien-Haus","twitter_description":"Figur Relief G\u00f6ttin Durga aus Resin \/ Kunstharz aus Bali \/ Indonesien","twitter_image":"https:\/\/www.indien-haus.de\/wp-content\/uploads\/2022\/04\/KA07328-30pc.jpg","twitter_site":"@Indien_Haus","twitter_misc":{"Gesch\u00e4tzte Lesezeit":"1\u00a0Minute"},"schema":{"@context":"https:\/\/schema.org","@graph":[{"@type":"WebPage","@id":"https:\/\/www.indien-haus.de\/shop\/produkt\/figur-relief-goettin-durga\/","url":"https:\/\/www.indien-haus.de\/shop\/produkt\/figur-relief-goettin-durga\/","name":"Figur Relief G\u00f6ttin Durga - #Indien-Haus","isPartOf":{"@id":"https:\/\/www.indien-haus.de\/shop\/#website"},"datePublished":"2020-08-20T13:18:23+00:00","dateModified":"2025-12-19T10:49:38+00:00","description":"Figur Relief G\u00f6ttin Durga aus Resin \/ Kunstharz aus Bali \/ Indonesien","breadcrumb":{"@id":"https:\/\/www.indien-haus.de\/shop\/produkt\/figur-relief-goettin-durga\/#breadcrumb"},"inLanguage":"de","potentialAction":[{"@type":"ReadAction","target":["https:\/\/www.indien-haus.de\/shop\/produkt\/figur-relief-goettin-durga\/"]}]},{"@type":"BreadcrumbList","@id":"https:\/\/www.indien-haus.de\/shop\/produkt\/figur-relief-goettin-durga\/#breadcrumb","itemListElement":[{"@type":"ListItem","position":1,"name":"Startseite","item":"https:\/\/www.indien-haus.de\/shop\/start\/"},{"@type":"ListItem","position":2,"name":"Shop","item":"https:\/\/www.indien-haus.de\/shop\/shop\/"},{"@type":"ListItem","position":3,"name":"Figur Relief G\u00f6ttin Durga"}]},{"@type":"WebSite","@id":"https:\/\/www.indien-haus.de\/shop\/#website","url":"https:\/\/www.indien-haus.de\/shop\/","name":"Indien-Haus","description":"M\u00f6bel &amp; Lampen &amp; Accessoires aus Asien in Mainz","publisher":{"@id":"https:\/\/www.indien-haus.de\/shop\/#organization"},"potentialAction":[{"@type":"SearchAction","target":{"@type":"EntryPoint","urlTemplate":"https:\/\/www.indien-haus.de\/shop\/?s={search_term_string}"},"query-input":"required name=search_term_string"}],"inLanguage":"de"},{"@type":"Organization","@id":"https:\/\/www.indien-haus.de\/shop\/#organization","name":"Indien-Haus","url":"https:\/\/www.indien-haus.de\/shop\/","logo":{"@type":"ImageObject","inLanguage":"de","@id":"https:\/\/www.indien-haus.de\/shop\/#\/schema\/logo\/image\/","url":"https:\/\/www.indien-haus.de\/wp-content\/uploads\/2014\/03\/indien-haus-logo3.png","contentUrl":"https:\/\/www.indien-haus.de\/wp-content\/uploads\/2014\/03\/indien-haus-logo3.png","width":106,"height":116,"caption":"Indien-Haus"},"image":{"@id":"https:\/\/www.indien-haus.de\/shop\/#\/schema\/logo\/image\/"},"sameAs":["https:\/\/www.facebook.com\/INDIEN.HAUS.news","https:\/\/twitter.com\/Indien_Haus","https:\/\/www.instagram.com\/indien_haus_mainz\/","https:\/\/www.pinterest.de\/indienhaus\/","https:\/\/www.youtube.com\/user\/IndienHaus"]}]}},"_links":{"self":[{"href":"https:\/\/www.indien-haus.de\/shop\/wp-json\/wp\/v2\/product\/75125"}],"collection":[{"href":"https:\/\/www.indien-haus.de\/shop\/wp-json\/wp\/v2\/product"}],"about":[{"href":"https:\/\/www.indien-haus.de\/shop\/wp-json\/wp\/v2\/types\/product"}],"replies":[{"embeddable":true,"href":"https:\/\/www.indien-haus.de\/shop\/wp-json\/wp\/v2\/comments?post=75125"}],"wp:featuredmedia":[{"embeddable":true,"href":"https:\/\/www.indien-haus.de\/shop\/wp-json\/wp\/v2\/media\/104866"}],"wp:attachment":[{"href":"https:\/\/www.indien-haus.de\/shop\/wp-json\/wp\/v2\/media?parent=75125"}],"wp:term":[{"taxonomy":"product_cat","embeddable":true,"href":"https:\/\/www.indien-haus.de\/shop\/wp-json\/wp\/v2\/product_cat?post=75125"},{"taxonomy":"product_tag","embeddable":true,"href":"https:\/\/www.indien-haus.de\/shop\/wp-json\/wp\/v2\/product_tag?post=75125"}],"curies":[{"name":"wp","href":"https:\/\/api.w.org\/{rel}","templated":true}]}}