{"id":75147,"date":"2020-08-20T16:49:19","date_gmt":"2020-08-20T15:49:19","guid":{"rendered":"https:\/\/www.indien-haus.de\/?post_type=product&#038;p=75147"},"modified":"2025-04-17T15:42:04","modified_gmt":"2025-04-17T14:42:04","slug":"figur-indischer-gott-hanuman","status":"publish","type":"product","link":"https:\/\/www.indien-haus.de\/shop\/produkt\/figur-indischer-gott-hanuman\/","title":{"rendered":"Figur indischer Gott Hanuman"},"content":{"rendered":"<p><strong>Bedeutung Hanuman<\/strong><\/p>\n<p>Hanuman ist ein hinuistischer Gott mit der Gestalt eines Affen. Er ist der Sohn der Apsara Anjana und des Windgottes Vayu, anderen Legenden zufolge der Sohn Shivas. Hanuman geh\u00f6rt zu den popul\u00e4rsten Hindu-G\u00f6ttern. Hanuman wird oft mit verschiedenen magischen Kr\u00e4ften oder F\u00e4higkeiten in Verbindung gebracht. Er ist schnell wie der Wind, hat die Kraft, Berge und Wolken auszurei\u00dfen, ist gro\u00df wie die Berge, hat eine Stimme wie der Donner und kann fliegen. Wenn Hanuman durch die L\u00fcfte fliegt, rauscht es dabei. Er verf\u00fcgt \u00fcber die F\u00e4higkeit, seine Gestalt nach Belieben zu verkleinern, zu vergr\u00f6\u00dfern oder zu ver\u00e4ndern. Hanumans werden meistens ohne Attribute (Waffen etc.) gezeigt.\u00a0 Die bekanntesten Darstellungen zeigen ihn mit einem Kopf, (nur) zwei Armen und einem langen Affenschwanz. Normalerweise hat er ein Affengesicht und einen muskul\u00f6sen, gro\u00dfen menschlichen K\u00f6rper. Aber auch in verschiedenen anderen Formen ist er bekannt, etwa mit zehn Armen und f\u00fcnf K\u00f6pfen. Er ist von gelber K\u00f6rperfarbe, hat ein rotes Gesicht und tr\u00e4gt manchmal eine Keule als Waffe in der linken Hand sowie einen Berg in der rechten. Weit verbreitet sind neuere Darstellungen, auf denen Hanuman in seinem ge\u00f6ffneten Herzen ein Bild von Rama und Sita tr\u00e4gt.<\/p>\n<div id=\"toc\" class=\"toc\" role=\"navigation\" aria-labelledby=\"mw-toc-heading\">\n<div class=\"toctitle\" dir=\"ltr\" lang=\"de\">\n<h2 id=\"mw-toc-heading\"><\/h2>\n<p>&nbsp;<\/p>\n<\/div>\n<\/div>\n","protected":false},"excerpt":{"rendered":"<p>Figur indischer Gott Hanuman\u00a0 Material Messing aus Indien<\/p>\n","protected":false},"featured_media":87644,"comment_status":"closed","ping_status":"closed","template":"","meta":[],"product_cat":[70],"product_tag":[4420,4797,1254],"yoast_head":"<!-- This site is optimized with the Yoast SEO plugin v22.0 - https:\/\/yoast.com\/wordpress\/plugins\/seo\/ -->\n<title>Figur indischer Gott Hanuman - #Indien-Haus<\/title>\n<meta name=\"description\" content=\"Figur indischer Gott Hanuman\u00a0 Material Messing aus Indien\" \/>\n<meta name=\"robots\" content=\"index, follow, max-snippet:-1, max-image-preview:large, max-video-preview:-1\" \/>\n<link rel=\"canonical\" href=\"https:\/\/www.indien-haus.de\/shop\/produkt\/figur-indischer-gott-hanuman\/\" \/>\n<meta name=\"twitter:card\" content=\"summary_large_image\" \/>\n<meta name=\"twitter:title\" content=\"Figur indischer Gott Hanuman - #Indien-Haus\" \/>\n<meta name=\"twitter:description\" content=\"Figur indischer Gott Hanuman\u00a0 Material Messing aus Indien\" \/>\n<meta name=\"twitter:image\" content=\"https:\/\/www.indien-haus.de\/wp-content\/uploads\/2021\/01\/PC07306-0.jpg\" \/>\n<meta name=\"twitter:site\" content=\"@Indien_Haus\" \/>\n<meta name=\"twitter:label1\" content=\"Gesch\u00e4tzte Lesezeit\" \/>\n\t<meta name=\"twitter:data1\" content=\"1\u00a0Minute\" \/>\n<script type=\"application\/ld+json\" class=\"yoast-schema-graph\">{\"@context\":\"https:\/\/schema.org\",\"@graph\":[{\"@type\":\"WebPage\",\"@id\":\"https:\/\/www.indien-haus.de\/shop\/produkt\/figur-indischer-gott-hanuman\/\",\"url\":\"https:\/\/www.indien-haus.de\/shop\/produkt\/figur-indischer-gott-hanuman\/\",\"name\":\"Figur indischer Gott Hanuman - #Indien-Haus\",\"isPartOf\":{\"@id\":\"https:\/\/www.indien-haus.de\/shop\/#website\"},\"datePublished\":\"2020-08-20T15:49:19+00:00\",\"dateModified\":\"2025-04-17T14:42:04+00:00\",\"description\":\"Figur indischer Gott Hanuman\u00a0 Material Messing aus Indien\",\"breadcrumb\":{\"@id\":\"https:\/\/www.indien-haus.de\/shop\/produkt\/figur-indischer-gott-hanuman\/#breadcrumb\"},\"inLanguage\":\"de\",\"potentialAction\":[{\"@type\":\"ReadAction\",\"target\":[\"https:\/\/www.indien-haus.de\/shop\/produkt\/figur-indischer-gott-hanuman\/\"]}]},{\"@type\":\"BreadcrumbList\",\"@id\":\"https:\/\/www.indien-haus.de\/shop\/produkt\/figur-indischer-gott-hanuman\/#breadcrumb\",\"itemListElement\":[{\"@type\":\"ListItem\",\"position\":1,\"name\":\"Startseite\",\"item\":\"https:\/\/www.indien-haus.de\/shop\/start\/\"},{\"@type\":\"ListItem\",\"position\":2,\"name\":\"Shop\",\"item\":\"https:\/\/www.indien-haus.de\/shop\/shop\/\"},{\"@type\":\"ListItem\",\"position\":3,\"name\":\"Figur indischer Gott Hanuman\"}]},{\"@type\":\"WebSite\",\"@id\":\"https:\/\/www.indien-haus.de\/shop\/#website\",\"url\":\"https:\/\/www.indien-haus.de\/shop\/\",\"name\":\"Indien-Haus\",\"description\":\"M\u00f6bel &amp; Lampen &amp; Accessoires aus Asien in Mainz\",\"publisher\":{\"@id\":\"https:\/\/www.indien-haus.de\/shop\/#organization\"},\"potentialAction\":[{\"@type\":\"SearchAction\",\"target\":{\"@type\":\"EntryPoint\",\"urlTemplate\":\"https:\/\/www.indien-haus.de\/shop\/?s={search_term_string}\"},\"query-input\":\"required name=search_term_string\"}],\"inLanguage\":\"de\"},{\"@type\":\"Organization\",\"@id\":\"https:\/\/www.indien-haus.de\/shop\/#organization\",\"name\":\"Indien-Haus\",\"url\":\"https:\/\/www.indien-haus.de\/shop\/\",\"logo\":{\"@type\":\"ImageObject\",\"inLanguage\":\"de\",\"@id\":\"https:\/\/www.indien-haus.de\/shop\/#\/schema\/logo\/image\/\",\"url\":\"https:\/\/www.indien-haus.de\/wp-content\/uploads\/2014\/03\/indien-haus-logo3.png\",\"contentUrl\":\"https:\/\/www.indien-haus.de\/wp-content\/uploads\/2014\/03\/indien-haus-logo3.png\",\"width\":106,\"height\":116,\"caption\":\"Indien-Haus\"},\"image\":{\"@id\":\"https:\/\/www.indien-haus.de\/shop\/#\/schema\/logo\/image\/\"},\"sameAs\":[\"https:\/\/www.facebook.com\/INDIEN.HAUS.news\",\"https:\/\/twitter.com\/Indien_Haus\",\"https:\/\/www.instagram.com\/indien_haus_mainz\/\",\"https:\/\/www.pinterest.de\/indienhaus\/\",\"https:\/\/www.youtube.com\/user\/IndienHaus\"]}]}<\/script>\n<!-- \/ Yoast SEO plugin. -->","yoast_head_json":{"title":"Figur indischer Gott Hanuman - #Indien-Haus","description":"Figur indischer Gott Hanuman\u00a0 Material Messing aus Indien","robots":{"index":"index","follow":"follow","max-snippet":"max-snippet:-1","max-image-preview":"max-image-preview:large","max-video-preview":"max-video-preview:-1"},"canonical":"https:\/\/www.indien-haus.de\/shop\/produkt\/figur-indischer-gott-hanuman\/","twitter_card":"summary_large_image","twitter_title":"Figur indischer Gott Hanuman - #Indien-Haus","twitter_description":"Figur indischer Gott Hanuman\u00a0 Material Messing aus Indien","twitter_image":"https:\/\/www.indien-haus.de\/wp-content\/uploads\/2021\/01\/PC07306-0.jpg","twitter_site":"@Indien_Haus","twitter_misc":{"Gesch\u00e4tzte Lesezeit":"1\u00a0Minute"},"schema":{"@context":"https:\/\/schema.org","@graph":[{"@type":"WebPage","@id":"https:\/\/www.indien-haus.de\/shop\/produkt\/figur-indischer-gott-hanuman\/","url":"https:\/\/www.indien-haus.de\/shop\/produkt\/figur-indischer-gott-hanuman\/","name":"Figur indischer Gott Hanuman - #Indien-Haus","isPartOf":{"@id":"https:\/\/www.indien-haus.de\/shop\/#website"},"datePublished":"2020-08-20T15:49:19+00:00","dateModified":"2025-04-17T14:42:04+00:00","description":"Figur indischer Gott Hanuman\u00a0 Material Messing aus Indien","breadcrumb":{"@id":"https:\/\/www.indien-haus.de\/shop\/produkt\/figur-indischer-gott-hanuman\/#breadcrumb"},"inLanguage":"de","potentialAction":[{"@type":"ReadAction","target":["https:\/\/www.indien-haus.de\/shop\/produkt\/figur-indischer-gott-hanuman\/"]}]},{"@type":"BreadcrumbList","@id":"https:\/\/www.indien-haus.de\/shop\/produkt\/figur-indischer-gott-hanuman\/#breadcrumb","itemListElement":[{"@type":"ListItem","position":1,"name":"Startseite","item":"https:\/\/www.indien-haus.de\/shop\/start\/"},{"@type":"ListItem","position":2,"name":"Shop","item":"https:\/\/www.indien-haus.de\/shop\/shop\/"},{"@type":"ListItem","position":3,"name":"Figur indischer Gott Hanuman"}]},{"@type":"WebSite","@id":"https:\/\/www.indien-haus.de\/shop\/#website","url":"https:\/\/www.indien-haus.de\/shop\/","name":"Indien-Haus","description":"M\u00f6bel &amp; Lampen &amp; Accessoires aus Asien in Mainz","publisher":{"@id":"https:\/\/www.indien-haus.de\/shop\/#organization"},"potentialAction":[{"@type":"SearchAction","target":{"@type":"EntryPoint","urlTemplate":"https:\/\/www.indien-haus.de\/shop\/?s={search_term_string}"},"query-input":"required name=search_term_string"}],"inLanguage":"de"},{"@type":"Organization","@id":"https:\/\/www.indien-haus.de\/shop\/#organization","name":"Indien-Haus","url":"https:\/\/www.indien-haus.de\/shop\/","logo":{"@type":"ImageObject","inLanguage":"de","@id":"https:\/\/www.indien-haus.de\/shop\/#\/schema\/logo\/image\/","url":"https:\/\/www.indien-haus.de\/wp-content\/uploads\/2014\/03\/indien-haus-logo3.png","contentUrl":"https:\/\/www.indien-haus.de\/wp-content\/uploads\/2014\/03\/indien-haus-logo3.png","width":106,"height":116,"caption":"Indien-Haus"},"image":{"@id":"https:\/\/www.indien-haus.de\/shop\/#\/schema\/logo\/image\/"},"sameAs":["https:\/\/www.facebook.com\/INDIEN.HAUS.news","https:\/\/twitter.com\/Indien_Haus","https:\/\/www.instagram.com\/indien_haus_mainz\/","https:\/\/www.pinterest.de\/indienhaus\/","https:\/\/www.youtube.com\/user\/IndienHaus"]}]}},"_links":{"self":[{"href":"https:\/\/www.indien-haus.de\/shop\/wp-json\/wp\/v2\/product\/75147"}],"collection":[{"href":"https:\/\/www.indien-haus.de\/shop\/wp-json\/wp\/v2\/product"}],"about":[{"href":"https:\/\/www.indien-haus.de\/shop\/wp-json\/wp\/v2\/types\/product"}],"replies":[{"embeddable":true,"href":"https:\/\/www.indien-haus.de\/shop\/wp-json\/wp\/v2\/comments?post=75147"}],"wp:featuredmedia":[{"embeddable":true,"href":"https:\/\/www.indien-haus.de\/shop\/wp-json\/wp\/v2\/media\/87644"}],"wp:attachment":[{"href":"https:\/\/www.indien-haus.de\/shop\/wp-json\/wp\/v2\/media?parent=75147"}],"wp:term":[{"taxonomy":"product_cat","embeddable":true,"href":"https:\/\/www.indien-haus.de\/shop\/wp-json\/wp\/v2\/product_cat?post=75147"},{"taxonomy":"product_tag","embeddable":true,"href":"https:\/\/www.indien-haus.de\/shop\/wp-json\/wp\/v2\/product_tag?post=75147"}],"curies":[{"name":"wp","href":"https:\/\/api.w.org\/{rel}","templated":true}]}}