{"id":78414,"date":"2020-10-01T11:22:49","date_gmt":"2020-10-01T10:22:49","guid":{"rendered":"https:\/\/www.indien-haus.de\/?post_type=product&#038;p=78414"},"modified":"2026-01-03T10:22:50","modified_gmt":"2026-01-03T09:22:50","slug":"annie-sloan-chalk-paint-floor-lacquer-gloss","status":"publish","type":"product","link":"https:\/\/www.indien-haus.de\/shop\/produkt\/annie-sloan-chalk-paint-floor-lacquer-gloss\/","title":{"rendered":"Annie Sloan Chalk Paint\u2122 Floor Lacquer gloss"},"content":{"rendered":"","protected":false},"excerpt":{"rendered":"<p>Annie Sloan Chalk Paint\u2122 Floor Lacquer gloss \/ Klarlack gl\u00e4nzend<\/p>\n<p>Chalk Paint\u2122 Lacquer ist ein strapazierf\u00e4higer, wasserbasierender Polyacryllack mit UV-Schutz. Auf Chalk Paint\u2122 aufgetragen, erhalten Sie ein robustes Finish, das allt\u00e4glichen Abnutzungseinfl\u00fcssen standh\u00e4lt \u2013 perfekt f\u00fcr Esstische, Gartenm\u00f6bel, Fu\u00dfb\u00f6den und Fu\u00dfbodenleisten. Er trocknet schnell aus und ist vollkommen transparent, ohne mit der Zeit zu vergilben.<\/p>\n<p>Erh\u00e4ltlich in 750-ml-Dosen. Eine 750ml Dose deckt ungef\u00e4hr 19 m\u00b2. Der Glanzlack verleiht einen leichten Glanz, nicht jedoch einen Hochglanz.<\/p>\n","protected":false},"featured_media":78415,"comment_status":"closed","ping_status":"closed","template":"","meta":[],"product_cat":[4456],"product_tag":[4365],"yoast_head":"<!-- This site is optimized with the Yoast SEO plugin v22.0 - https:\/\/yoast.com\/wordpress\/plugins\/seo\/ -->\n<title>Annie Sloan Chalk Paint\u2122 Floor Lacquer gloss - #Indien-Haus<\/title>\n<meta name=\"description\" content=\"Annie Sloan Chalk Paint\u2122 Floor Lacquer gloss \/ Klarlack gl\u00e4nzend 0,75 Liter. ist ein strapazierf\u00e4higer, wasserbasierender Polyacryllack.\" \/>\n<meta name=\"robots\" content=\"index, follow, max-snippet:-1, max-image-preview:large, max-video-preview:-1\" \/>\n<link rel=\"canonical\" href=\"https:\/\/www.indien-haus.de\/shop\/produkt\/annie-sloan-chalk-paint-floor-lacquer-gloss\/\" \/>\n<meta name=\"twitter:card\" content=\"summary_large_image\" \/>\n<meta name=\"twitter:title\" content=\"Annie Sloan Chalk Paint\u2122 Floor Lacquer gloss - #Indien-Haus\" \/>\n<meta name=\"twitter:description\" content=\"Annie Sloan Chalk Paint\u2122 Floor Lacquer gloss \/ Klarlack gl\u00e4nzend 0,75 Liter. ist ein strapazierf\u00e4higer, wasserbasierender Polyacryllack.\" \/>\n<meta name=\"twitter:image\" content=\"https:\/\/www.indien-haus.de\/wp-content\/uploads\/2020\/10\/AS05559-2-gloss.jpg\" \/>\n<meta name=\"twitter:site\" content=\"@Indien_Haus\" \/>\n<meta name=\"twitter:label1\" content=\"Gesch\u00e4tzte Lesezeit\" \/>\n\t<meta name=\"twitter:data1\" content=\"1\u00a0Minute\" \/>\n<script type=\"application\/ld+json\" class=\"yoast-schema-graph\">{\"@context\":\"https:\/\/schema.org\",\"@graph\":[{\"@type\":\"WebPage\",\"@id\":\"https:\/\/www.indien-haus.de\/shop\/produkt\/annie-sloan-chalk-paint-floor-lacquer-gloss\/\",\"url\":\"https:\/\/www.indien-haus.de\/shop\/produkt\/annie-sloan-chalk-paint-floor-lacquer-gloss\/\",\"name\":\"Annie Sloan Chalk Paint\u2122 Floor Lacquer gloss - #Indien-Haus\",\"isPartOf\":{\"@id\":\"https:\/\/www.indien-haus.de\/shop\/#website\"},\"datePublished\":\"2020-10-01T10:22:49+00:00\",\"dateModified\":\"2026-01-03T09:22:50+00:00\",\"description\":\"Annie Sloan Chalk Paint\u2122 Floor Lacquer gloss \/ Klarlack gl\u00e4nzend 0,75 Liter. ist ein strapazierf\u00e4higer, wasserbasierender Polyacryllack.\",\"breadcrumb\":{\"@id\":\"https:\/\/www.indien-haus.de\/shop\/produkt\/annie-sloan-chalk-paint-floor-lacquer-gloss\/#breadcrumb\"},\"inLanguage\":\"de\",\"potentialAction\":[{\"@type\":\"ReadAction\",\"target\":[\"https:\/\/www.indien-haus.de\/shop\/produkt\/annie-sloan-chalk-paint-floor-lacquer-gloss\/\"]}]},{\"@type\":\"BreadcrumbList\",\"@id\":\"https:\/\/www.indien-haus.de\/shop\/produkt\/annie-sloan-chalk-paint-floor-lacquer-gloss\/#breadcrumb\",\"itemListElement\":[{\"@type\":\"ListItem\",\"position\":1,\"name\":\"Startseite\",\"item\":\"https:\/\/www.indien-haus.de\/shop\/start\/\"},{\"@type\":\"ListItem\",\"position\":2,\"name\":\"Shop\",\"item\":\"https:\/\/www.indien-haus.de\/shop\/shop\/\"},{\"@type\":\"ListItem\",\"position\":3,\"name\":\"Annie Sloan Chalk Paint\u2122 Floor Lacquer gloss\"}]},{\"@type\":\"WebSite\",\"@id\":\"https:\/\/www.indien-haus.de\/shop\/#website\",\"url\":\"https:\/\/www.indien-haus.de\/shop\/\",\"name\":\"Indien-Haus\",\"description\":\"M\u00f6bel &amp; Lampen &amp; Accessoires aus Asien in Mainz\",\"publisher\":{\"@id\":\"https:\/\/www.indien-haus.de\/shop\/#organization\"},\"potentialAction\":[{\"@type\":\"SearchAction\",\"target\":{\"@type\":\"EntryPoint\",\"urlTemplate\":\"https:\/\/www.indien-haus.de\/shop\/?s={search_term_string}\"},\"query-input\":\"required name=search_term_string\"}],\"inLanguage\":\"de\"},{\"@type\":\"Organization\",\"@id\":\"https:\/\/www.indien-haus.de\/shop\/#organization\",\"name\":\"Indien-Haus\",\"url\":\"https:\/\/www.indien-haus.de\/shop\/\",\"logo\":{\"@type\":\"ImageObject\",\"inLanguage\":\"de\",\"@id\":\"https:\/\/www.indien-haus.de\/shop\/#\/schema\/logo\/image\/\",\"url\":\"https:\/\/www.indien-haus.de\/wp-content\/uploads\/2014\/03\/indien-haus-logo3.png\",\"contentUrl\":\"https:\/\/www.indien-haus.de\/wp-content\/uploads\/2014\/03\/indien-haus-logo3.png\",\"width\":106,\"height\":116,\"caption\":\"Indien-Haus\"},\"image\":{\"@id\":\"https:\/\/www.indien-haus.de\/shop\/#\/schema\/logo\/image\/\"},\"sameAs\":[\"https:\/\/www.facebook.com\/INDIEN.HAUS.news\",\"https:\/\/twitter.com\/Indien_Haus\",\"https:\/\/www.instagram.com\/indien_haus_mainz\/\",\"https:\/\/www.pinterest.de\/indienhaus\/\",\"https:\/\/www.youtube.com\/user\/IndienHaus\"]}]}<\/script>\n<!-- \/ Yoast SEO plugin. -->","yoast_head_json":{"title":"Annie Sloan Chalk Paint\u2122 Floor Lacquer gloss - #Indien-Haus","description":"Annie Sloan Chalk Paint\u2122 Floor Lacquer gloss \/ Klarlack gl\u00e4nzend 0,75 Liter. ist ein strapazierf\u00e4higer, wasserbasierender Polyacryllack.","robots":{"index":"index","follow":"follow","max-snippet":"max-snippet:-1","max-image-preview":"max-image-preview:large","max-video-preview":"max-video-preview:-1"},"canonical":"https:\/\/www.indien-haus.de\/shop\/produkt\/annie-sloan-chalk-paint-floor-lacquer-gloss\/","twitter_card":"summary_large_image","twitter_title":"Annie Sloan Chalk Paint\u2122 Floor Lacquer gloss - #Indien-Haus","twitter_description":"Annie Sloan Chalk Paint\u2122 Floor Lacquer gloss \/ Klarlack gl\u00e4nzend 0,75 Liter. ist ein strapazierf\u00e4higer, wasserbasierender Polyacryllack.","twitter_image":"https:\/\/www.indien-haus.de\/wp-content\/uploads\/2020\/10\/AS05559-2-gloss.jpg","twitter_site":"@Indien_Haus","twitter_misc":{"Gesch\u00e4tzte Lesezeit":"1\u00a0Minute"},"schema":{"@context":"https:\/\/schema.org","@graph":[{"@type":"WebPage","@id":"https:\/\/www.indien-haus.de\/shop\/produkt\/annie-sloan-chalk-paint-floor-lacquer-gloss\/","url":"https:\/\/www.indien-haus.de\/shop\/produkt\/annie-sloan-chalk-paint-floor-lacquer-gloss\/","name":"Annie Sloan Chalk Paint\u2122 Floor Lacquer gloss - #Indien-Haus","isPartOf":{"@id":"https:\/\/www.indien-haus.de\/shop\/#website"},"datePublished":"2020-10-01T10:22:49+00:00","dateModified":"2026-01-03T09:22:50+00:00","description":"Annie Sloan Chalk Paint\u2122 Floor Lacquer gloss \/ Klarlack gl\u00e4nzend 0,75 Liter. ist ein strapazierf\u00e4higer, wasserbasierender Polyacryllack.","breadcrumb":{"@id":"https:\/\/www.indien-haus.de\/shop\/produkt\/annie-sloan-chalk-paint-floor-lacquer-gloss\/#breadcrumb"},"inLanguage":"de","potentialAction":[{"@type":"ReadAction","target":["https:\/\/www.indien-haus.de\/shop\/produkt\/annie-sloan-chalk-paint-floor-lacquer-gloss\/"]}]},{"@type":"BreadcrumbList","@id":"https:\/\/www.indien-haus.de\/shop\/produkt\/annie-sloan-chalk-paint-floor-lacquer-gloss\/#breadcrumb","itemListElement":[{"@type":"ListItem","position":1,"name":"Startseite","item":"https:\/\/www.indien-haus.de\/shop\/start\/"},{"@type":"ListItem","position":2,"name":"Shop","item":"https:\/\/www.indien-haus.de\/shop\/shop\/"},{"@type":"ListItem","position":3,"name":"Annie Sloan Chalk Paint\u2122 Floor Lacquer gloss"}]},{"@type":"WebSite","@id":"https:\/\/www.indien-haus.de\/shop\/#website","url":"https:\/\/www.indien-haus.de\/shop\/","name":"Indien-Haus","description":"M\u00f6bel &amp; Lampen &amp; Accessoires aus Asien in Mainz","publisher":{"@id":"https:\/\/www.indien-haus.de\/shop\/#organization"},"potentialAction":[{"@type":"SearchAction","target":{"@type":"EntryPoint","urlTemplate":"https:\/\/www.indien-haus.de\/shop\/?s={search_term_string}"},"query-input":"required name=search_term_string"}],"inLanguage":"de"},{"@type":"Organization","@id":"https:\/\/www.indien-haus.de\/shop\/#organization","name":"Indien-Haus","url":"https:\/\/www.indien-haus.de\/shop\/","logo":{"@type":"ImageObject","inLanguage":"de","@id":"https:\/\/www.indien-haus.de\/shop\/#\/schema\/logo\/image\/","url":"https:\/\/www.indien-haus.de\/wp-content\/uploads\/2014\/03\/indien-haus-logo3.png","contentUrl":"https:\/\/www.indien-haus.de\/wp-content\/uploads\/2014\/03\/indien-haus-logo3.png","width":106,"height":116,"caption":"Indien-Haus"},"image":{"@id":"https:\/\/www.indien-haus.de\/shop\/#\/schema\/logo\/image\/"},"sameAs":["https:\/\/www.facebook.com\/INDIEN.HAUS.news","https:\/\/twitter.com\/Indien_Haus","https:\/\/www.instagram.com\/indien_haus_mainz\/","https:\/\/www.pinterest.de\/indienhaus\/","https:\/\/www.youtube.com\/user\/IndienHaus"]}]}},"_links":{"self":[{"href":"https:\/\/www.indien-haus.de\/shop\/wp-json\/wp\/v2\/product\/78414"}],"collection":[{"href":"https:\/\/www.indien-haus.de\/shop\/wp-json\/wp\/v2\/product"}],"about":[{"href":"https:\/\/www.indien-haus.de\/shop\/wp-json\/wp\/v2\/types\/product"}],"replies":[{"embeddable":true,"href":"https:\/\/www.indien-haus.de\/shop\/wp-json\/wp\/v2\/comments?post=78414"}],"wp:featuredmedia":[{"embeddable":true,"href":"https:\/\/www.indien-haus.de\/shop\/wp-json\/wp\/v2\/media\/78415"}],"wp:attachment":[{"href":"https:\/\/www.indien-haus.de\/shop\/wp-json\/wp\/v2\/media?parent=78414"}],"wp:term":[{"taxonomy":"product_cat","embeddable":true,"href":"https:\/\/www.indien-haus.de\/shop\/wp-json\/wp\/v2\/product_cat?post=78414"},{"taxonomy":"product_tag","embeddable":true,"href":"https:\/\/www.indien-haus.de\/shop\/wp-json\/wp\/v2\/product_tag?post=78414"}],"curies":[{"name":"wp","href":"https:\/\/api.w.org\/{rel}","templated":true}]}}