{"id":82153,"date":"2020-11-16T13:51:37","date_gmt":"2020-11-16T12:51:37","guid":{"rendered":"https:\/\/www.indien-haus.de\/?post_type=product&#038;p=82153"},"modified":"2026-01-03T14:56:28","modified_gmt":"2026-01-03T13:56:28","slug":"annie-sloan-mixing-stick-ruehrstab","status":"publish","type":"product","link":"https:\/\/www.indien-haus.de\/shop\/produkt\/annie-sloan-mixing-stick-ruehrstab\/","title":{"rendered":"Annie Sloan Mixing Stick R\u00fchrstab"},"content":{"rendered":"","protected":false},"excerpt":{"rendered":"<p>Annie Sloan Mixing Stick R\u00fchrstab<\/p>\n<p>Anders als Martini wird Chalk Paint\u2122 am besten ger\u00fchrt und nicht gesch\u00fcttelt. Der Annie Sloan R\u00fchrstab besteht zu 100 % aus Kiefernholz und ist lang, leicht und einfach zu verwenden. Chalk Paint\u2122 ist auf Wasserbasis und vollgepackt mit Pigmenten. Um das Beste aus den hochwertigen Zutaten in jeder Dose herauszuholen, ist es wichtig, sie vor jedem Gebrauch gr\u00fcndlich umzur\u00fchren, damit sich die Zutaten gleichm\u00e4\u00dfig verteilen. Die abgewinkelte Kante des Annie Sloan R\u00fchrstabs wurde speziell daf\u00fcr entwickelt, um leichter als je zuvor in jede Ecke der Chalk Paint\u2122-Dosen zu gelangen. Wir empfehlen immer, Chalk Paint\u2122 vor dem Gebrauch umzur\u00fchren, und jetzt k\u00f6nnen Sie dies mit Stil tun.<\/p>\n","protected":false},"featured_media":110294,"comment_status":"closed","ping_status":"closed","template":"","meta":[],"product_cat":[4456],"product_tag":[4365],"yoast_head":"<!-- This site is optimized with the Yoast SEO plugin v22.0 - https:\/\/yoast.com\/wordpress\/plugins\/seo\/ -->\n<title>Annie Sloan Mixing Stick R\u00fchrstab - #Indien-Haus<\/title>\n<meta name=\"description\" content=\"Annie Sloan Mixing Stick R\u00fchrstab Ideal um die Farbe gut zu verr\u00fchren und die abgesetzten Pigmente durchzumischen.\" \/>\n<meta name=\"robots\" content=\"index, follow, max-snippet:-1, max-image-preview:large, max-video-preview:-1\" \/>\n<link rel=\"canonical\" href=\"https:\/\/www.indien-haus.de\/shop\/produkt\/annie-sloan-mixing-stick-ruehrstab\/\" \/>\n<meta name=\"twitter:card\" content=\"summary_large_image\" \/>\n<meta name=\"twitter:title\" content=\"Annie Sloan Mixing Stick R\u00fchrstab - #Indien-Haus\" \/>\n<meta name=\"twitter:description\" content=\"Annie Sloan Mixing Stick R\u00fchrstab Ideal um die Farbe gut zu verr\u00fchren und die abgesetzten Pigmente durchzumischen.\" \/>\n<meta name=\"twitter:image\" content=\"https:\/\/www.indien-haus.de\/wp-content\/uploads\/2020\/11\/AS07582.jpg\" \/>\n<meta name=\"twitter:site\" content=\"@Indien_Haus\" \/>\n<script type=\"application\/ld+json\" class=\"yoast-schema-graph\">{\"@context\":\"https:\/\/schema.org\",\"@graph\":[{\"@type\":\"WebPage\",\"@id\":\"https:\/\/www.indien-haus.de\/shop\/produkt\/annie-sloan-mixing-stick-ruehrstab\/\",\"url\":\"https:\/\/www.indien-haus.de\/shop\/produkt\/annie-sloan-mixing-stick-ruehrstab\/\",\"name\":\"Annie Sloan Mixing Stick R\u00fchrstab - #Indien-Haus\",\"isPartOf\":{\"@id\":\"https:\/\/www.indien-haus.de\/shop\/#website\"},\"datePublished\":\"2020-11-16T12:51:37+00:00\",\"dateModified\":\"2026-01-03T13:56:28+00:00\",\"description\":\"Annie Sloan Mixing Stick R\u00fchrstab Ideal um die Farbe gut zu verr\u00fchren und die abgesetzten Pigmente durchzumischen.\",\"breadcrumb\":{\"@id\":\"https:\/\/www.indien-haus.de\/shop\/produkt\/annie-sloan-mixing-stick-ruehrstab\/#breadcrumb\"},\"inLanguage\":\"de\",\"potentialAction\":[{\"@type\":\"ReadAction\",\"target\":[\"https:\/\/www.indien-haus.de\/shop\/produkt\/annie-sloan-mixing-stick-ruehrstab\/\"]}]},{\"@type\":\"BreadcrumbList\",\"@id\":\"https:\/\/www.indien-haus.de\/shop\/produkt\/annie-sloan-mixing-stick-ruehrstab\/#breadcrumb\",\"itemListElement\":[{\"@type\":\"ListItem\",\"position\":1,\"name\":\"Startseite\",\"item\":\"https:\/\/www.indien-haus.de\/shop\/start\/\"},{\"@type\":\"ListItem\",\"position\":2,\"name\":\"Shop\",\"item\":\"https:\/\/www.indien-haus.de\/shop\/shop\/\"},{\"@type\":\"ListItem\",\"position\":3,\"name\":\"Annie Sloan Mixing Stick R\u00fchrstab\"}]},{\"@type\":\"WebSite\",\"@id\":\"https:\/\/www.indien-haus.de\/shop\/#website\",\"url\":\"https:\/\/www.indien-haus.de\/shop\/\",\"name\":\"Indien-Haus\",\"description\":\"M\u00f6bel &amp; Lampen &amp; Accessoires aus Asien in Mainz\",\"publisher\":{\"@id\":\"https:\/\/www.indien-haus.de\/shop\/#organization\"},\"potentialAction\":[{\"@type\":\"SearchAction\",\"target\":{\"@type\":\"EntryPoint\",\"urlTemplate\":\"https:\/\/www.indien-haus.de\/shop\/?s={search_term_string}\"},\"query-input\":\"required name=search_term_string\"}],\"inLanguage\":\"de\"},{\"@type\":\"Organization\",\"@id\":\"https:\/\/www.indien-haus.de\/shop\/#organization\",\"name\":\"Indien-Haus\",\"url\":\"https:\/\/www.indien-haus.de\/shop\/\",\"logo\":{\"@type\":\"ImageObject\",\"inLanguage\":\"de\",\"@id\":\"https:\/\/www.indien-haus.de\/shop\/#\/schema\/logo\/image\/\",\"url\":\"https:\/\/www.indien-haus.de\/wp-content\/uploads\/2014\/03\/indien-haus-logo3.png\",\"contentUrl\":\"https:\/\/www.indien-haus.de\/wp-content\/uploads\/2014\/03\/indien-haus-logo3.png\",\"width\":106,\"height\":116,\"caption\":\"Indien-Haus\"},\"image\":{\"@id\":\"https:\/\/www.indien-haus.de\/shop\/#\/schema\/logo\/image\/\"},\"sameAs\":[\"https:\/\/www.facebook.com\/INDIEN.HAUS.news\",\"https:\/\/twitter.com\/Indien_Haus\",\"https:\/\/www.instagram.com\/indien_haus_mainz\/\",\"https:\/\/www.pinterest.de\/indienhaus\/\",\"https:\/\/www.youtube.com\/user\/IndienHaus\"]}]}<\/script>\n<!-- \/ Yoast SEO plugin. -->","yoast_head_json":{"title":"Annie Sloan Mixing Stick R\u00fchrstab - #Indien-Haus","description":"Annie Sloan Mixing Stick R\u00fchrstab Ideal um die Farbe gut zu verr\u00fchren und die abgesetzten Pigmente durchzumischen.","robots":{"index":"index","follow":"follow","max-snippet":"max-snippet:-1","max-image-preview":"max-image-preview:large","max-video-preview":"max-video-preview:-1"},"canonical":"https:\/\/www.indien-haus.de\/shop\/produkt\/annie-sloan-mixing-stick-ruehrstab\/","twitter_card":"summary_large_image","twitter_title":"Annie Sloan Mixing Stick R\u00fchrstab - #Indien-Haus","twitter_description":"Annie Sloan Mixing Stick R\u00fchrstab Ideal um die Farbe gut zu verr\u00fchren und die abgesetzten Pigmente durchzumischen.","twitter_image":"https:\/\/www.indien-haus.de\/wp-content\/uploads\/2020\/11\/AS07582.jpg","twitter_site":"@Indien_Haus","schema":{"@context":"https:\/\/schema.org","@graph":[{"@type":"WebPage","@id":"https:\/\/www.indien-haus.de\/shop\/produkt\/annie-sloan-mixing-stick-ruehrstab\/","url":"https:\/\/www.indien-haus.de\/shop\/produkt\/annie-sloan-mixing-stick-ruehrstab\/","name":"Annie Sloan Mixing Stick R\u00fchrstab - #Indien-Haus","isPartOf":{"@id":"https:\/\/www.indien-haus.de\/shop\/#website"},"datePublished":"2020-11-16T12:51:37+00:00","dateModified":"2026-01-03T13:56:28+00:00","description":"Annie Sloan Mixing Stick R\u00fchrstab Ideal um die Farbe gut zu verr\u00fchren und die abgesetzten Pigmente durchzumischen.","breadcrumb":{"@id":"https:\/\/www.indien-haus.de\/shop\/produkt\/annie-sloan-mixing-stick-ruehrstab\/#breadcrumb"},"inLanguage":"de","potentialAction":[{"@type":"ReadAction","target":["https:\/\/www.indien-haus.de\/shop\/produkt\/annie-sloan-mixing-stick-ruehrstab\/"]}]},{"@type":"BreadcrumbList","@id":"https:\/\/www.indien-haus.de\/shop\/produkt\/annie-sloan-mixing-stick-ruehrstab\/#breadcrumb","itemListElement":[{"@type":"ListItem","position":1,"name":"Startseite","item":"https:\/\/www.indien-haus.de\/shop\/start\/"},{"@type":"ListItem","position":2,"name":"Shop","item":"https:\/\/www.indien-haus.de\/shop\/shop\/"},{"@type":"ListItem","position":3,"name":"Annie Sloan Mixing Stick R\u00fchrstab"}]},{"@type":"WebSite","@id":"https:\/\/www.indien-haus.de\/shop\/#website","url":"https:\/\/www.indien-haus.de\/shop\/","name":"Indien-Haus","description":"M\u00f6bel &amp; Lampen &amp; Accessoires aus Asien in Mainz","publisher":{"@id":"https:\/\/www.indien-haus.de\/shop\/#organization"},"potentialAction":[{"@type":"SearchAction","target":{"@type":"EntryPoint","urlTemplate":"https:\/\/www.indien-haus.de\/shop\/?s={search_term_string}"},"query-input":"required name=search_term_string"}],"inLanguage":"de"},{"@type":"Organization","@id":"https:\/\/www.indien-haus.de\/shop\/#organization","name":"Indien-Haus","url":"https:\/\/www.indien-haus.de\/shop\/","logo":{"@type":"ImageObject","inLanguage":"de","@id":"https:\/\/www.indien-haus.de\/shop\/#\/schema\/logo\/image\/","url":"https:\/\/www.indien-haus.de\/wp-content\/uploads\/2014\/03\/indien-haus-logo3.png","contentUrl":"https:\/\/www.indien-haus.de\/wp-content\/uploads\/2014\/03\/indien-haus-logo3.png","width":106,"height":116,"caption":"Indien-Haus"},"image":{"@id":"https:\/\/www.indien-haus.de\/shop\/#\/schema\/logo\/image\/"},"sameAs":["https:\/\/www.facebook.com\/INDIEN.HAUS.news","https:\/\/twitter.com\/Indien_Haus","https:\/\/www.instagram.com\/indien_haus_mainz\/","https:\/\/www.pinterest.de\/indienhaus\/","https:\/\/www.youtube.com\/user\/IndienHaus"]}]}},"_links":{"self":[{"href":"https:\/\/www.indien-haus.de\/shop\/wp-json\/wp\/v2\/product\/82153"}],"collection":[{"href":"https:\/\/www.indien-haus.de\/shop\/wp-json\/wp\/v2\/product"}],"about":[{"href":"https:\/\/www.indien-haus.de\/shop\/wp-json\/wp\/v2\/types\/product"}],"replies":[{"embeddable":true,"href":"https:\/\/www.indien-haus.de\/shop\/wp-json\/wp\/v2\/comments?post=82153"}],"wp:featuredmedia":[{"embeddable":true,"href":"https:\/\/www.indien-haus.de\/shop\/wp-json\/wp\/v2\/media\/110294"}],"wp:attachment":[{"href":"https:\/\/www.indien-haus.de\/shop\/wp-json\/wp\/v2\/media?parent=82153"}],"wp:term":[{"taxonomy":"product_cat","embeddable":true,"href":"https:\/\/www.indien-haus.de\/shop\/wp-json\/wp\/v2\/product_cat?post=82153"},{"taxonomy":"product_tag","embeddable":true,"href":"https:\/\/www.indien-haus.de\/shop\/wp-json\/wp\/v2\/product_tag?post=82153"}],"curies":[{"name":"wp","href":"https:\/\/api.w.org\/{rel}","templated":true}]}}