{"id":88380,"date":"2021-01-28T16:30:02","date_gmt":"2021-01-28T15:30:02","guid":{"rendered":"https:\/\/www.indien-haus.de\/?post_type=product&#038;p=88380"},"modified":"2024-12-10T18:04:12","modified_gmt":"2024-12-10T17:04:12","slug":"figur-ind-gott-vishnu-auf-garuda-3","status":"publish","type":"product","link":"https:\/\/www.indien-haus.de\/shop\/produkt\/figur-ind-gott-vishnu-auf-garuda-3\/","title":{"rendered":"Figur ind. Gott Vishnu auf Garuda"},"content":{"rendered":"<p><span class=\"ILfuVd\"><span class=\"hgKElc\">\u00a0Vishnu ist der erhaltende Aspekt von Ishwara, Gott bzw. Brahman. Vishnu ist der Erhalter, also das Gleichgewicht zwischen Brahma, dem Sch\u00f6pfer und Shiva, dem Zerst\u00f6rer. Vishnus weiblicher Aspekt ist Lakshmi, die G\u00f6ttin der Sch\u00f6nheit, des Reichtums, der Liebe und der Freude.<\/span><\/span><\/p>\n<p><span class=\"ILfuVd\"><span class=\"hgKElc\">Garuda ist in der indischen Mythologie ein schlangent\u00f6tendes, halb mensch-, halb adlergestaltiges Reittier des Vishnu. <\/span><\/span><span class=\"ILfuVd\"><span class=\"hgKElc\">In der asiatischen Mythologie hat der Garuda zugleich die Bedeutung eines G\u00f6tterboten, der den Menschen Nachrichten und Anweisungen der G\u00f6tter \u00fcberbringt.Figur ind. Gott Vishnu auf Garuda<\/span><\/span><\/p>\n","protected":false},"excerpt":{"rendered":"<p>Figur ind. Gott Vishnu auf Garuda in messing-gold, Material Messing aus Indien.<\/p>\n","protected":false},"featured_media":87779,"comment_status":"closed","ping_status":"closed","template":"","meta":[],"product_cat":[70],"product_tag":[4420,1254],"yoast_head":"<!-- This site is optimized with the Yoast SEO plugin v22.0 - https:\/\/yoast.com\/wordpress\/plugins\/seo\/ -->\n<title>Figur ind. Gott Vishnu auf Garuda - #Indien-Haus<\/title>\n<meta name=\"description\" content=\"Figur ind. Gott Vishnu auf Garuda , Material Messing aus Indien. finden Sie andere Figuren und G\u00f6tter auf unserer Homepage.\" \/>\n<meta name=\"robots\" content=\"index, follow, max-snippet:-1, max-image-preview:large, max-video-preview:-1\" \/>\n<link rel=\"canonical\" href=\"https:\/\/www.indien-haus.de\/shop\/produkt\/figur-ind-gott-vishnu-auf-garuda-3\/\" \/>\n<meta name=\"twitter:card\" content=\"summary_large_image\" \/>\n<meta name=\"twitter:title\" content=\"Figur ind. Gott Vishnu auf Garuda - #Indien-Haus\" \/>\n<meta name=\"twitter:description\" content=\"Figur ind. Gott Vishnu auf Garuda , Material Messing aus Indien. finden Sie andere Figuren und G\u00f6tter auf unserer Homepage.\" \/>\n<meta name=\"twitter:image\" content=\"https:\/\/www.indien-haus.de\/wp-content\/uploads\/2021\/01\/PC07827-2.jpg\" \/>\n<meta name=\"twitter:site\" content=\"@Indien_Haus\" \/>\n<script type=\"application\/ld+json\" class=\"yoast-schema-graph\">{\"@context\":\"https:\/\/schema.org\",\"@graph\":[{\"@type\":\"WebPage\",\"@id\":\"https:\/\/www.indien-haus.de\/shop\/produkt\/figur-ind-gott-vishnu-auf-garuda-3\/\",\"url\":\"https:\/\/www.indien-haus.de\/shop\/produkt\/figur-ind-gott-vishnu-auf-garuda-3\/\",\"name\":\"Figur ind. Gott Vishnu auf Garuda - #Indien-Haus\",\"isPartOf\":{\"@id\":\"https:\/\/www.indien-haus.de\/shop\/#website\"},\"datePublished\":\"2021-01-28T15:30:02+00:00\",\"dateModified\":\"2024-12-10T17:04:12+00:00\",\"description\":\"Figur ind. Gott Vishnu auf Garuda , Material Messing aus Indien. finden Sie andere Figuren und G\u00f6tter auf unserer Homepage.\",\"breadcrumb\":{\"@id\":\"https:\/\/www.indien-haus.de\/shop\/produkt\/figur-ind-gott-vishnu-auf-garuda-3\/#breadcrumb\"},\"inLanguage\":\"de\",\"potentialAction\":[{\"@type\":\"ReadAction\",\"target\":[\"https:\/\/www.indien-haus.de\/shop\/produkt\/figur-ind-gott-vishnu-auf-garuda-3\/\"]}]},{\"@type\":\"BreadcrumbList\",\"@id\":\"https:\/\/www.indien-haus.de\/shop\/produkt\/figur-ind-gott-vishnu-auf-garuda-3\/#breadcrumb\",\"itemListElement\":[{\"@type\":\"ListItem\",\"position\":1,\"name\":\"Startseite\",\"item\":\"https:\/\/www.indien-haus.de\/shop\/start\/\"},{\"@type\":\"ListItem\",\"position\":2,\"name\":\"Shop\",\"item\":\"https:\/\/www.indien-haus.de\/shop\/shop\/\"},{\"@type\":\"ListItem\",\"position\":3,\"name\":\"Figur ind. Gott Vishnu auf Garuda\"}]},{\"@type\":\"WebSite\",\"@id\":\"https:\/\/www.indien-haus.de\/shop\/#website\",\"url\":\"https:\/\/www.indien-haus.de\/shop\/\",\"name\":\"Indien-Haus\",\"description\":\"M\u00f6bel &amp; Lampen &amp; Accessoires aus Asien in Mainz\",\"publisher\":{\"@id\":\"https:\/\/www.indien-haus.de\/shop\/#organization\"},\"potentialAction\":[{\"@type\":\"SearchAction\",\"target\":{\"@type\":\"EntryPoint\",\"urlTemplate\":\"https:\/\/www.indien-haus.de\/shop\/?s={search_term_string}\"},\"query-input\":\"required name=search_term_string\"}],\"inLanguage\":\"de\"},{\"@type\":\"Organization\",\"@id\":\"https:\/\/www.indien-haus.de\/shop\/#organization\",\"name\":\"Indien-Haus\",\"url\":\"https:\/\/www.indien-haus.de\/shop\/\",\"logo\":{\"@type\":\"ImageObject\",\"inLanguage\":\"de\",\"@id\":\"https:\/\/www.indien-haus.de\/shop\/#\/schema\/logo\/image\/\",\"url\":\"https:\/\/www.indien-haus.de\/wp-content\/uploads\/2014\/03\/indien-haus-logo3.png\",\"contentUrl\":\"https:\/\/www.indien-haus.de\/wp-content\/uploads\/2014\/03\/indien-haus-logo3.png\",\"width\":106,\"height\":116,\"caption\":\"Indien-Haus\"},\"image\":{\"@id\":\"https:\/\/www.indien-haus.de\/shop\/#\/schema\/logo\/image\/\"},\"sameAs\":[\"https:\/\/www.facebook.com\/INDIEN.HAUS.news\",\"https:\/\/twitter.com\/Indien_Haus\",\"https:\/\/www.instagram.com\/indien_haus_mainz\/\",\"https:\/\/www.pinterest.de\/indienhaus\/\",\"https:\/\/www.youtube.com\/user\/IndienHaus\"]}]}<\/script>\n<!-- \/ Yoast SEO plugin. -->","yoast_head_json":{"title":"Figur ind. Gott Vishnu auf Garuda - #Indien-Haus","description":"Figur ind. Gott Vishnu auf Garuda , Material Messing aus Indien. finden Sie andere Figuren und G\u00f6tter auf unserer Homepage.","robots":{"index":"index","follow":"follow","max-snippet":"max-snippet:-1","max-image-preview":"max-image-preview:large","max-video-preview":"max-video-preview:-1"},"canonical":"https:\/\/www.indien-haus.de\/shop\/produkt\/figur-ind-gott-vishnu-auf-garuda-3\/","twitter_card":"summary_large_image","twitter_title":"Figur ind. Gott Vishnu auf Garuda - #Indien-Haus","twitter_description":"Figur ind. Gott Vishnu auf Garuda , Material Messing aus Indien. finden Sie andere Figuren und G\u00f6tter auf unserer Homepage.","twitter_image":"https:\/\/www.indien-haus.de\/wp-content\/uploads\/2021\/01\/PC07827-2.jpg","twitter_site":"@Indien_Haus","schema":{"@context":"https:\/\/schema.org","@graph":[{"@type":"WebPage","@id":"https:\/\/www.indien-haus.de\/shop\/produkt\/figur-ind-gott-vishnu-auf-garuda-3\/","url":"https:\/\/www.indien-haus.de\/shop\/produkt\/figur-ind-gott-vishnu-auf-garuda-3\/","name":"Figur ind. Gott Vishnu auf Garuda - #Indien-Haus","isPartOf":{"@id":"https:\/\/www.indien-haus.de\/shop\/#website"},"datePublished":"2021-01-28T15:30:02+00:00","dateModified":"2024-12-10T17:04:12+00:00","description":"Figur ind. Gott Vishnu auf Garuda , Material Messing aus Indien. finden Sie andere Figuren und G\u00f6tter auf unserer Homepage.","breadcrumb":{"@id":"https:\/\/www.indien-haus.de\/shop\/produkt\/figur-ind-gott-vishnu-auf-garuda-3\/#breadcrumb"},"inLanguage":"de","potentialAction":[{"@type":"ReadAction","target":["https:\/\/www.indien-haus.de\/shop\/produkt\/figur-ind-gott-vishnu-auf-garuda-3\/"]}]},{"@type":"BreadcrumbList","@id":"https:\/\/www.indien-haus.de\/shop\/produkt\/figur-ind-gott-vishnu-auf-garuda-3\/#breadcrumb","itemListElement":[{"@type":"ListItem","position":1,"name":"Startseite","item":"https:\/\/www.indien-haus.de\/shop\/start\/"},{"@type":"ListItem","position":2,"name":"Shop","item":"https:\/\/www.indien-haus.de\/shop\/shop\/"},{"@type":"ListItem","position":3,"name":"Figur ind. Gott Vishnu auf Garuda"}]},{"@type":"WebSite","@id":"https:\/\/www.indien-haus.de\/shop\/#website","url":"https:\/\/www.indien-haus.de\/shop\/","name":"Indien-Haus","description":"M\u00f6bel &amp; Lampen &amp; Accessoires aus Asien in Mainz","publisher":{"@id":"https:\/\/www.indien-haus.de\/shop\/#organization"},"potentialAction":[{"@type":"SearchAction","target":{"@type":"EntryPoint","urlTemplate":"https:\/\/www.indien-haus.de\/shop\/?s={search_term_string}"},"query-input":"required name=search_term_string"}],"inLanguage":"de"},{"@type":"Organization","@id":"https:\/\/www.indien-haus.de\/shop\/#organization","name":"Indien-Haus","url":"https:\/\/www.indien-haus.de\/shop\/","logo":{"@type":"ImageObject","inLanguage":"de","@id":"https:\/\/www.indien-haus.de\/shop\/#\/schema\/logo\/image\/","url":"https:\/\/www.indien-haus.de\/wp-content\/uploads\/2014\/03\/indien-haus-logo3.png","contentUrl":"https:\/\/www.indien-haus.de\/wp-content\/uploads\/2014\/03\/indien-haus-logo3.png","width":106,"height":116,"caption":"Indien-Haus"},"image":{"@id":"https:\/\/www.indien-haus.de\/shop\/#\/schema\/logo\/image\/"},"sameAs":["https:\/\/www.facebook.com\/INDIEN.HAUS.news","https:\/\/twitter.com\/Indien_Haus","https:\/\/www.instagram.com\/indien_haus_mainz\/","https:\/\/www.pinterest.de\/indienhaus\/","https:\/\/www.youtube.com\/user\/IndienHaus"]}]}},"_links":{"self":[{"href":"https:\/\/www.indien-haus.de\/shop\/wp-json\/wp\/v2\/product\/88380"}],"collection":[{"href":"https:\/\/www.indien-haus.de\/shop\/wp-json\/wp\/v2\/product"}],"about":[{"href":"https:\/\/www.indien-haus.de\/shop\/wp-json\/wp\/v2\/types\/product"}],"replies":[{"embeddable":true,"href":"https:\/\/www.indien-haus.de\/shop\/wp-json\/wp\/v2\/comments?post=88380"}],"wp:featuredmedia":[{"embeddable":true,"href":"https:\/\/www.indien-haus.de\/shop\/wp-json\/wp\/v2\/media\/87779"}],"wp:attachment":[{"href":"https:\/\/www.indien-haus.de\/shop\/wp-json\/wp\/v2\/media?parent=88380"}],"wp:term":[{"taxonomy":"product_cat","embeddable":true,"href":"https:\/\/www.indien-haus.de\/shop\/wp-json\/wp\/v2\/product_cat?post=88380"},{"taxonomy":"product_tag","embeddable":true,"href":"https:\/\/www.indien-haus.de\/shop\/wp-json\/wp\/v2\/product_tag?post=88380"}],"curies":[{"name":"wp","href":"https:\/\/api.w.org\/{rel}","templated":true}]}}