{"id":98355,"date":"2021-07-12T15:26:51","date_gmt":"2021-07-12T14:26:51","guid":{"rendered":"https:\/\/www.indien-haus.de\/?post_type=product&#038;p=98355"},"modified":"2025-12-14T15:32:08","modified_gmt":"2025-12-14T14:32:08","slug":"annie-sloan-schuerze-mit-baumwolltasche","status":"publish","type":"product","link":"https:\/\/www.indien-haus.de\/shop\/produkt\/annie-sloan-schuerze-mit-baumwolltasche\/","title":{"rendered":"Annie Sloan Sch\u00fcrze mit Baumwolltasche"},"content":{"rendered":"","protected":false},"excerpt":{"rendered":"<p>Annie Sloan Sch\u00fcrze mit Baumwolltasche<\/p>\n<p>Hier stellen wir Ihnen die Annie Sloan Sch\u00fcrze vor, wie sie von Annie selbst (und ihrer Familie) getragen wird.<\/p>\n<p>Das weiche, graue geschmirgelte Baumwollleinen der Annie Sloan Sch\u00fcrze mit den farblich abgesetzten Sch\u00fcrzenb\u00e4ndern in Gr\u00fcn sorgt f\u00fcr einen angenehmen und praktischen Tragekomfort. Die gro\u00dfe, doppelte Vordertasche ist ideal, um Dosen\u00f6ffner, R\u00fchrst\u00e4be oder Pinsel aufzubewahren, und die verstellbare Halsl\u00e4nge bedeutet, dass die Sch\u00fcrze f\u00fcr jede K\u00f6rpergr\u00f6\u00dfe geeignet ist.<\/p>\n<p>Mit dem charakteristischen Schriftzug von Annie Sloan in Silber ist klar, welche Farben Sie verwenden und welchem G\u00fctesiegel Sie vertrauen. Jede Sch\u00fcrze wird mit einem praktischen Baumwollbeutel mit Kordelzug geliefert, damit Sie sie bei Ihren Farbabenteuern einfach mitnehmen k\u00f6nnen. Ein ideales Geschenk f\u00fcr jeden angehenden oder etablierten K\u00fcnstler.<\/p>\n<p>Sch\u00fcrze: 40 % Leinen &amp; 60 % Baumwolle &amp; Kordelzugbeutel: 100 % Baumwolle<\/p>\n<p>Waschanleitung: Mit \u00e4hnlichen Farben bei 30 Grad waschen. Nicht bleichen, im Trockner trocknen oder chemisch reinigen. Am besten \u00fcberhaupt nicht waschen \u2013 machen Sie sich Annies \u201emalerischen\u201c Stil zu eigen und tragen Sie stolz die Farbspuren vergangener und aktueller Projekte!<\/p>\n","protected":false},"featured_media":98356,"comment_status":"closed","ping_status":"closed","template":"","meta":[],"product_cat":[4456],"product_tag":[4365],"yoast_head":"<!-- This site is optimized with the Yoast SEO plugin v22.0 - https:\/\/yoast.com\/wordpress\/plugins\/seo\/ -->\n<title>Annie Sloan Sch\u00fcrze mit Baumwolltasche - #Indien-Haus<\/title>\n<meta name=\"description\" content=\"Annie Sloan Sch\u00fcrze mit Baumwolltasche Hier stellen wir Ihnen die Annie Sloan Sch\u00fcrze vor, wie sie von Annie selbst getragen wird.\" \/>\n<meta name=\"robots\" content=\"index, follow, max-snippet:-1, max-image-preview:large, max-video-preview:-1\" \/>\n<link rel=\"canonical\" href=\"https:\/\/www.indien-haus.de\/shop\/produkt\/annie-sloan-schuerze-mit-baumwolltasche\/\" \/>\n<meta name=\"twitter:card\" content=\"summary_large_image\" \/>\n<meta name=\"twitter:title\" content=\"Annie Sloan Sch\u00fcrze mit Baumwolltasche - #Indien-Haus\" \/>\n<meta name=\"twitter:description\" content=\"Annie Sloan Sch\u00fcrze mit Baumwolltasche Hier stellen wir Ihnen die Annie Sloan Sch\u00fcrze vor, wie sie von Annie selbst getragen wird.\" \/>\n<meta name=\"twitter:image\" content=\"https:\/\/www.indien-haus.de\/wp-content\/uploads\/2021\/07\/AS08053.jpg\" \/>\n<meta name=\"twitter:site\" content=\"@Indien_Haus\" \/>\n<script type=\"application\/ld+json\" class=\"yoast-schema-graph\">{\"@context\":\"https:\/\/schema.org\",\"@graph\":[{\"@type\":\"WebPage\",\"@id\":\"https:\/\/www.indien-haus.de\/shop\/produkt\/annie-sloan-schuerze-mit-baumwolltasche\/\",\"url\":\"https:\/\/www.indien-haus.de\/shop\/produkt\/annie-sloan-schuerze-mit-baumwolltasche\/\",\"name\":\"Annie Sloan Sch\u00fcrze mit Baumwolltasche - #Indien-Haus\",\"isPartOf\":{\"@id\":\"https:\/\/www.indien-haus.de\/shop\/#website\"},\"datePublished\":\"2021-07-12T14:26:51+00:00\",\"dateModified\":\"2025-12-14T14:32:08+00:00\",\"description\":\"Annie Sloan Sch\u00fcrze mit Baumwolltasche Hier stellen wir Ihnen die Annie Sloan Sch\u00fcrze vor, wie sie von Annie selbst getragen wird.\",\"breadcrumb\":{\"@id\":\"https:\/\/www.indien-haus.de\/shop\/produkt\/annie-sloan-schuerze-mit-baumwolltasche\/#breadcrumb\"},\"inLanguage\":\"de\",\"potentialAction\":[{\"@type\":\"ReadAction\",\"target\":[\"https:\/\/www.indien-haus.de\/shop\/produkt\/annie-sloan-schuerze-mit-baumwolltasche\/\"]}]},{\"@type\":\"BreadcrumbList\",\"@id\":\"https:\/\/www.indien-haus.de\/shop\/produkt\/annie-sloan-schuerze-mit-baumwolltasche\/#breadcrumb\",\"itemListElement\":[{\"@type\":\"ListItem\",\"position\":1,\"name\":\"Startseite\",\"item\":\"https:\/\/www.indien-haus.de\/shop\/start\/\"},{\"@type\":\"ListItem\",\"position\":2,\"name\":\"Shop\",\"item\":\"https:\/\/www.indien-haus.de\/shop\/shop\/\"},{\"@type\":\"ListItem\",\"position\":3,\"name\":\"Annie Sloan Sch\u00fcrze mit Baumwolltasche\"}]},{\"@type\":\"WebSite\",\"@id\":\"https:\/\/www.indien-haus.de\/shop\/#website\",\"url\":\"https:\/\/www.indien-haus.de\/shop\/\",\"name\":\"Indien-Haus\",\"description\":\"M\u00f6bel &amp; Lampen &amp; Accessoires aus Asien in Mainz\",\"publisher\":{\"@id\":\"https:\/\/www.indien-haus.de\/shop\/#organization\"},\"potentialAction\":[{\"@type\":\"SearchAction\",\"target\":{\"@type\":\"EntryPoint\",\"urlTemplate\":\"https:\/\/www.indien-haus.de\/shop\/?s={search_term_string}\"},\"query-input\":\"required name=search_term_string\"}],\"inLanguage\":\"de\"},{\"@type\":\"Organization\",\"@id\":\"https:\/\/www.indien-haus.de\/shop\/#organization\",\"name\":\"Indien-Haus\",\"url\":\"https:\/\/www.indien-haus.de\/shop\/\",\"logo\":{\"@type\":\"ImageObject\",\"inLanguage\":\"de\",\"@id\":\"https:\/\/www.indien-haus.de\/shop\/#\/schema\/logo\/image\/\",\"url\":\"https:\/\/www.indien-haus.de\/wp-content\/uploads\/2014\/03\/indien-haus-logo3.png\",\"contentUrl\":\"https:\/\/www.indien-haus.de\/wp-content\/uploads\/2014\/03\/indien-haus-logo3.png\",\"width\":106,\"height\":116,\"caption\":\"Indien-Haus\"},\"image\":{\"@id\":\"https:\/\/www.indien-haus.de\/shop\/#\/schema\/logo\/image\/\"},\"sameAs\":[\"https:\/\/www.facebook.com\/INDIEN.HAUS.news\",\"https:\/\/twitter.com\/Indien_Haus\",\"https:\/\/www.instagram.com\/indien_haus_mainz\/\",\"https:\/\/www.pinterest.de\/indienhaus\/\",\"https:\/\/www.youtube.com\/user\/IndienHaus\"]}]}<\/script>\n<!-- \/ Yoast SEO plugin. -->","yoast_head_json":{"title":"Annie Sloan Sch\u00fcrze mit Baumwolltasche - #Indien-Haus","description":"Annie Sloan Sch\u00fcrze mit Baumwolltasche Hier stellen wir Ihnen die Annie Sloan Sch\u00fcrze vor, wie sie von Annie selbst getragen wird.","robots":{"index":"index","follow":"follow","max-snippet":"max-snippet:-1","max-image-preview":"max-image-preview:large","max-video-preview":"max-video-preview:-1"},"canonical":"https:\/\/www.indien-haus.de\/shop\/produkt\/annie-sloan-schuerze-mit-baumwolltasche\/","twitter_card":"summary_large_image","twitter_title":"Annie Sloan Sch\u00fcrze mit Baumwolltasche - #Indien-Haus","twitter_description":"Annie Sloan Sch\u00fcrze mit Baumwolltasche Hier stellen wir Ihnen die Annie Sloan Sch\u00fcrze vor, wie sie von Annie selbst getragen wird.","twitter_image":"https:\/\/www.indien-haus.de\/wp-content\/uploads\/2021\/07\/AS08053.jpg","twitter_site":"@Indien_Haus","schema":{"@context":"https:\/\/schema.org","@graph":[{"@type":"WebPage","@id":"https:\/\/www.indien-haus.de\/shop\/produkt\/annie-sloan-schuerze-mit-baumwolltasche\/","url":"https:\/\/www.indien-haus.de\/shop\/produkt\/annie-sloan-schuerze-mit-baumwolltasche\/","name":"Annie Sloan Sch\u00fcrze mit Baumwolltasche - #Indien-Haus","isPartOf":{"@id":"https:\/\/www.indien-haus.de\/shop\/#website"},"datePublished":"2021-07-12T14:26:51+00:00","dateModified":"2025-12-14T14:32:08+00:00","description":"Annie Sloan Sch\u00fcrze mit Baumwolltasche Hier stellen wir Ihnen die Annie Sloan Sch\u00fcrze vor, wie sie von Annie selbst getragen wird.","breadcrumb":{"@id":"https:\/\/www.indien-haus.de\/shop\/produkt\/annie-sloan-schuerze-mit-baumwolltasche\/#breadcrumb"},"inLanguage":"de","potentialAction":[{"@type":"ReadAction","target":["https:\/\/www.indien-haus.de\/shop\/produkt\/annie-sloan-schuerze-mit-baumwolltasche\/"]}]},{"@type":"BreadcrumbList","@id":"https:\/\/www.indien-haus.de\/shop\/produkt\/annie-sloan-schuerze-mit-baumwolltasche\/#breadcrumb","itemListElement":[{"@type":"ListItem","position":1,"name":"Startseite","item":"https:\/\/www.indien-haus.de\/shop\/start\/"},{"@type":"ListItem","position":2,"name":"Shop","item":"https:\/\/www.indien-haus.de\/shop\/shop\/"},{"@type":"ListItem","position":3,"name":"Annie Sloan Sch\u00fcrze mit Baumwolltasche"}]},{"@type":"WebSite","@id":"https:\/\/www.indien-haus.de\/shop\/#website","url":"https:\/\/www.indien-haus.de\/shop\/","name":"Indien-Haus","description":"M\u00f6bel &amp; Lampen &amp; Accessoires aus Asien in Mainz","publisher":{"@id":"https:\/\/www.indien-haus.de\/shop\/#organization"},"potentialAction":[{"@type":"SearchAction","target":{"@type":"EntryPoint","urlTemplate":"https:\/\/www.indien-haus.de\/shop\/?s={search_term_string}"},"query-input":"required name=search_term_string"}],"inLanguage":"de"},{"@type":"Organization","@id":"https:\/\/www.indien-haus.de\/shop\/#organization","name":"Indien-Haus","url":"https:\/\/www.indien-haus.de\/shop\/","logo":{"@type":"ImageObject","inLanguage":"de","@id":"https:\/\/www.indien-haus.de\/shop\/#\/schema\/logo\/image\/","url":"https:\/\/www.indien-haus.de\/wp-content\/uploads\/2014\/03\/indien-haus-logo3.png","contentUrl":"https:\/\/www.indien-haus.de\/wp-content\/uploads\/2014\/03\/indien-haus-logo3.png","width":106,"height":116,"caption":"Indien-Haus"},"image":{"@id":"https:\/\/www.indien-haus.de\/shop\/#\/schema\/logo\/image\/"},"sameAs":["https:\/\/www.facebook.com\/INDIEN.HAUS.news","https:\/\/twitter.com\/Indien_Haus","https:\/\/www.instagram.com\/indien_haus_mainz\/","https:\/\/www.pinterest.de\/indienhaus\/","https:\/\/www.youtube.com\/user\/IndienHaus"]}]}},"_links":{"self":[{"href":"https:\/\/www.indien-haus.de\/shop\/wp-json\/wp\/v2\/product\/98355"}],"collection":[{"href":"https:\/\/www.indien-haus.de\/shop\/wp-json\/wp\/v2\/product"}],"about":[{"href":"https:\/\/www.indien-haus.de\/shop\/wp-json\/wp\/v2\/types\/product"}],"replies":[{"embeddable":true,"href":"https:\/\/www.indien-haus.de\/shop\/wp-json\/wp\/v2\/comments?post=98355"}],"wp:featuredmedia":[{"embeddable":true,"href":"https:\/\/www.indien-haus.de\/shop\/wp-json\/wp\/v2\/media\/98356"}],"wp:attachment":[{"href":"https:\/\/www.indien-haus.de\/shop\/wp-json\/wp\/v2\/media?parent=98355"}],"wp:term":[{"taxonomy":"product_cat","embeddable":true,"href":"https:\/\/www.indien-haus.de\/shop\/wp-json\/wp\/v2\/product_cat?post=98355"},{"taxonomy":"product_tag","embeddable":true,"href":"https:\/\/www.indien-haus.de\/shop\/wp-json\/wp\/v2\/product_tag?post=98355"}],"curies":[{"name":"wp","href":"https:\/\/api.w.org\/{rel}","templated":true}]}}